{"id":7710,"date":"2023-05-22T15:22:49","date_gmt":"2023-05-22T13:22:49","guid":{"rendered":"https:\/\/www.gremipabcn.com\/avis-legal\/"},"modified":"2023-05-22T15:22:49","modified_gmt":"2023-05-22T13:22:49","slug":"avis-legal","status":"publish","type":"page","link":"https:\/\/www.wpt-yp0v.194-30-90-139.cpanel.site\/ca\/avis-legal\/","title":{"rendered":"Av\u00eds Legal"},"content":{"rendered":"<header class=\"text-center\">\n<h2 class=\"m-auto\">AV\u00cdS LEGAL I CONDICIONS GENERALS D&#8217;\u00daS<\/h2>\n<h4><span class=\"blanc-space ng-binding\">https:\/\/www.wpt-yp0v.194-30-90-139.cpanel.site\/<\/span><\/h4>\n<\/header>\n<div>\n<h3>I. INFORMACI\u00d3 GENERAL<\/h3>\n<p>En compliment amb el deure informaci\u00f3 disposat a la Llei 34\/2002 de Serveis de la Societat de la Informaci\u00f3 i el Comer\u00e7 Electr\u00f2nic (LSSI-CE) d&#8217;11 de juliol, es faciliten a continuaci\u00f3 les dades d&#8217;informaci\u00f3 general seg\u00fcents d&#8217;aquest lloc web :<\/p>\n<p class=\"\">La titularitat d&#8217;aquest lloc web, <span class=\"blanc-space ng-binding\">https:\/\/www.wpt-yp0v.194-30-90-139.cpanel.site\/<\/span> , (d&#8217;ara endavant, Lloc Web) l&#8217;ostenta: <span class=\"blanc-space ng-binding\">Gremi de Forners de Barcelona<\/span> , prove\u00efda de NIF: <span class=\"blanc-space ng-binding\">G-08263436<\/span> i inscrita a: amb les dades registrals seg\u00fcents : , el representant del qual \u00e9s: , i les dades de contacte del qual s\u00f3n:<\/p>\n<p>Adre\u00e7a: <span class=\"blanc-space ng-binding\">PAU CLARIS, 134, PRAL., Codi postal 08009 de Barcelona<\/span><\/p>\n<p>Tel\u00e8fon de contacte: <span class=\"blanc-space ng-binding\">93 215 55 00<\/span><\/p>\n<p>Email de contacte: <span class=\"blanc-space ng-binding\">info@gremipabcn.com<\/span><\/p>\n<h3>II. TERMES I CONDICIONS GENERALS D&#8217;\u00daS<\/h3>\n<h4>L&#8217;objecte de les condicions: El Lloc Web<\/h4>\n<p>L&#8217;objecte d&#8217;aquestes Condicions Generals d&#8217;\u00das (d&#8217;ara endavant, Condicions) \u00e9s regular l&#8217;acc\u00e9s i la utilitzaci\u00f3 del Lloc Web. Als efectes de les presents Condicions s&#8217;entendr\u00e0 com a Lloc Web: l&#8217;aparen\u00e7a externa de les interf\u00edcies de pantalla, tant de forma est\u00e0tica com de forma din\u00e0mica, \u00e9s a dir, l&#8217;arbre de navegaci\u00f3; i tots els elements integrats tant a les interf\u00edcies de pantalla com a l&#8217;arbre de navegaci\u00f3 (d&#8217;ara endavant, Continguts) i tots aquells serveis o recursos en l\u00ednia que si escau ofereixi als Usuaris (d&#8217;ara endavant, Serveis).<\/p>\n<p><span class=\"blanc-space ng-binding\">Gremi de Forners de Barcelona<\/span> es reserva la facultat de modificar, en qualsevol moment, i sense av\u00eds previ, la presentaci\u00f3 i configuraci\u00f3 del Lloc Web i dels Continguts i Serveis que hi poguessin estar incorporats. L&#8217;Usuari reconeix i accepta que en qualsevol moment <span class=\"blanc-space ng-binding\">Gremi de Forners de Barcelona<\/span> pugui interrompre, desactivar i\/o cancel\u00b7lar qualsevol d&#8217;aquests elements que s&#8217;integren al Lloc Web o accedir-hi.<\/p>\n<p>L&#8217;acc\u00e9s al Lloc Web per l&#8217;Usuari t\u00e9 car\u00e0cter lliure i, per regla general, \u00e9s gratu\u00eft sense que l&#8217;Usuari hagi de proporcionar una contraprestaci\u00f3 per poder-ne gaudir, llevat del cost de connexi\u00f3 a trav\u00e9s de la xarxa de telecomunicacions subministrada pel prove\u00efdor d&#8217;acc\u00e9s que hagi contractat l&#8217;usuari.<\/p>\n<p>La utilitzaci\u00f3 d&#8217;algun dels continguts o serveis del lloc web es pot fer mitjan\u00e7ant la subscripci\u00f3 o el registre previ de l&#8217;usuari.<\/p>\n<h4>L&#8217;Usuari<\/h4>\n<p>L&#8217;acc\u00e9s, la navegaci\u00f3 i \u00fas del Lloc Web, confereix la condici\u00f3 d&#8217;Usuari, per la qual cosa s&#8217;accepten, des que s&#8217;inicia la navegaci\u00f3 pel Lloc Web, totes les Condicions aqu\u00ed establertes, aix\u00ed com les modificacions ulteriors, sense perjudici de la aplicaci\u00f3 de la corresponent normativa legal de compliment obligat segons el cas. Atesa la rellev\u00e0ncia de l&#8217;anterior, es recomana a l&#8217;Usuari llegir-les cada vegada que visiteu el Lloc Web.<\/p>\n<p>El Lloc Web de <span class=\"blanc-space ng-binding\">Gremi de Forners de Barcelona<\/span> proporciona una gran diversitat d&#8217;informaci\u00f3, serveis i dades. L&#8217;Usuari assumeix la seva responsabilitat per fer un \u00fas correcte del Lloc Web. Aquesta responsabilitat s&#8217;estendr\u00e0 a:<\/p>\n<ul>\n<li>Un \u00fas de la informaci\u00f3, Continguts i\/o Serveis i dades ofertes per <span class=\"blanc-space ng-binding\">Gremi de Forners de Barcelona<\/span> sense que sigui contrari al que disposen aquestes Condicions, la Llei, la moral o l&#8217;ordre p\u00fablic, o que de qualsevol altra manera puguin suposar lesi\u00f3 dels drets de tercers o del mateix funcionament del Lloc Web.<\/li>\n<li>La veracitat i licitud de les informacions aportades per l&#8217;Usuari als formularis estesos per <span class=\"blanc-space ng-binding\">Gremi de Forners de Barcelona<\/span> per a l&#8217;acc\u00e9s a certs continguts o serveis oferts pel Lloc Web. En tot cas, l&#8217;Usuari notificar\u00e0 de forma immediata a <span class=\"blanc-space ng-binding\">Gremi de Forners de Barcelona<\/span> sobre qualsevol fet que permeti l&#8217;\u00fas indegut de la informaci\u00f3 registrada en aquests formularis, com ara, per\u00f2 no nom\u00e9s, el robatori, p\u00e8rdua, o l&#8217;acc\u00e9s no autoritzat a identificadors i\/o contrasenyes, per tal de procedir a cancel\u00b7lar-la immediatament .<\/li>\n<\/ul>\n<p>El mer acc\u00e9s a aquest Lloc Web no suposa entaular cap mena de relaci\u00f3 de car\u00e0cter comercial entre <span class=\"blanc-space ng-binding\">Gremi de Forners de Barcelona<\/span> i l&#8217;Usuari.<\/p>\n<p class=\"\">Sempre en el respecte de la legislaci\u00f3 vigent, aquest Lloc Web de <span class=\"blanc-space ng-binding\">Gremi de Forners de Barcelona<\/span> s&#8217;adre\u00e7a a totes les persones, sense importar-ne l&#8217;edat, que puguin accedir i\/o navegar per les p\u00e0gines del Lloc Web.<\/p>\n<p>El Lloc Web est\u00e0 dirigit principalment a Usuaris residents a <span class=\"blanc-space ng-binding\">Espanya<\/span> . <span class=\"blanc-space ng-binding\">Gremi de Forners de Barcelona<\/span> no assegura que el Lloc Web compleixi amb legislacions d&#8217;altres pa\u00efsos, ja sigui totalment o parcialment. Si l&#8217;Usuari resideix o t\u00e9 el domiciliat en un altre lloc i decideix accedir i\/o navegar al Lloc Web ho far\u00e0 sota la seva pr\u00f2pia responsabilitat, assegureu-vos que aquest acc\u00e9s i navegaci\u00f3 compleix amb la legislaci\u00f3 local que us \u00e9s aplicable, no assumint <span class=\"blanc-space ng-binding\">Gremi de Forners de Barcelona<\/span> cap responsabilitat que se&#8217;n pugui derivar.<\/p>\n<h3>III. ACC\u00c9S I NAVEGACI\u00d3 AL LLOC WEB: EXCLUSI\u00d3 DE GARANTIES I RESPONSABILITAT<\/h3>\n<p><span class=\"blanc-space ng-binding\">Gremi de Forners de Barcelona<\/span> no garanteix la continu\u00eftat, disponibilitat i utilitat del Lloc Web, ni dels Continguts o Serveis. <span class=\"blanc-space ng-binding\">Gremi de Forners de Barcelona<\/span> far\u00e0 tot el possible pel bon funcionament del Lloc Web, per\u00f2, no es responsabilitza ni garanteix que l&#8217;acc\u00e9s a aquest Lloc Web no sigui ininterromput o que estigui lliure d&#8217;error.<\/p>\n<p>Tampoc no es responsabilitza o garanteix que el contingut o programari al qual es pugui accedir a trav\u00e9s d&#8217;aquest Lloc Web, estigui lliure d&#8217;error o causi un dany al sistema inform\u00e0tic (programari i maquinari) de l&#8217;Usuari. En cap cas <span class=\"blanc-space ng-binding\">Gremi de Forners de Barcelona<\/span> ser\u00e0 responsable per les p\u00e8rdues, danys o perjudicis de qualsevol tipus que sorgeixin per l&#8217;acc\u00e9s, navegaci\u00f3 i \u00fas del Lloc Web, incloent-hi, per\u00f2 no limitant-se, els ocasionats als sistemes inform\u00e0tics o els provocats per la introducci\u00f3 de virus.<\/p>\n<p><span class=\"blanc-space ng-binding\">Gremi de Forners de Barcelona<\/span> tampoc no es fa responsable dels danys que poguessin ocasionar-se als usuaris per un \u00fas inadequat d&#8217;aquest Lloc Web. En particular, no es fa responsable de cap manera de les caigudes, interrupcions, falta o defecte de les telecomunicacions que poguessin oc\u00f3rrer.<\/p>\n<h3>IV. POL\u00cdTICA D&#8217;ENLLA\u00c7OS<\/h3>\n<p>S&#8217;informa que el Lloc Web de <span class=\"blanc-space ng-binding\">Gremi de Forners de Barcelona<\/span> posa o pot posar a disposici\u00f3 dels usuaris mitjans d&#8217;enlla\u00e7 (com, entre d&#8217;altres, links, banners, botons), directoris i motors de cerca que permeten als usuaris accedir a llocs web pertanyents i\/o gestionats per tercers.<\/p>\n<p>La instal\u00b7laci\u00f3 d&#8217;aquests enlla\u00e7os, directoris i motors de cerca al Lloc Web t\u00e9 per objecte facilitar als Usuaris la cerca de i acc\u00e9s a la informaci\u00f3 disponible a Internet, sense que es pugui considerar un suggeriment, recomanaci\u00f3 o invitaci\u00f3 per a la visita dels mateixos .<\/p>\n<p><span class=\"blanc-space ng-binding\">Gremi de Forners de Barcelona<\/span> no ofereix ni comercialitza per si ni per mitj\u00e0 de tercers els productes i\/o serveis disponibles en aquests llocs enlla\u00e7ats.<\/p>\n<p>Aix\u00ed mateix, tampoc garantir\u00e0 la disponibilitat t\u00e8cnica, exactitud, veracitat, validesa o legalitat de llocs aliens a la seva propietat a qu\u00e8 es pugui accedir per mitj\u00e0 dels enlla\u00e7os.<\/p>\n<p><span class=\"blanc-space ng-binding\">Gremi de Forners de Barcelona<\/span> en cap cas revisar\u00e0 o controlar\u00e0 el contingut d&#8217;altres llocs web, aix\u00ed com tampoc aprova, examina ni fa propis els productes i serveis, continguts, arxius i qualsevol altre material existent als referits llocs enlla\u00e7ats.<\/p>\n<p><span class=\"blanc-space ng-binding\">Gremi de Forners de Barcelona<\/span> no assumeix cap responsabilitat pels danys i perjudicis que poguessin produir-se per l&#8217;acc\u00e9s, \u00fas, qualitat o licitud dels continguts, comunicacions, opinions, productes i serveis dels llocs web no gestionats per <span class=\"blanc-space ng-binding\">Gremi de Forners de Barcelona<\/span> i que siguin enlla\u00e7ats en aquest Lloc Web.<\/p>\n<p>L&#8217;Usuari o tercer que faci un hiperenlla\u00e7 des d&#8217;una p\u00e0gina web d&#8217;un altre, diferent, lloc web al Lloc Web de <span class=\"blanc-space ng-binding\">Gremi de Forners de Barcelona<\/span> haur\u00e0 de saber que:<\/p>\n<p>No es permet la reproducci\u00f3 \u2014totalment o parcialment\u2014 de cap dels Continguts i\/o Serveis del Lloc Web sense autoritzaci\u00f3 expressa de <span class=\"blanc-space ng-binding\">Gremi de Forners de Barcelona<\/span> .<\/p>\n<p>No es permet tampoc cap manifestaci\u00f3 falsa, inexacta o incorrecta sobre el Lloc Web de <span class=\"blanc-space ng-binding\">Gremi de Forners de Barcelona<\/span> , ni sobre els seus continguts i\/o serveis.<\/p>\n<p>A excepci\u00f3 de l&#8217;hiperenlla\u00e7, el lloc web on s&#8217;estableixi aquest hiperenlla\u00e7 no contindr\u00e0 cap element, d&#8217;aquest Lloc Web, protegit com a propietat intel\u00b7lectual per l&#8217;ordenament jur\u00eddic espanyol, excepte autoritzaci\u00f3 expressa de <span class=\"blanc-space ng-binding\">Gremi de Forners de Barcelona<\/span> .<\/p>\n<p>L&#8217;establiment de l&#8217;hiperenlla\u00e7 no implica l&#8217;exist\u00e8ncia de relacions entre <span class=\"blanc-space ng-binding\">Gremi de Forners de Barcelona<\/span> i el titular del lloc web des del qual es realitzi, ni el coneixement i acceptaci\u00f3 de <span class=\"blanc-space ng-binding\">Gremi de Forners de Barcelona<\/span> dels continguts, serveis i\/o activitats ofertes en aquest lloc web, i viceversa.<\/p>\n<h3>V. PROPIETAT INTEL\u00b7LECTUAL I INDUSTRIAL<\/h3>\n<p><span class=\"blanc-space ng-binding\">Gremi de Forners de Barcelona<\/span> per si o com a part cession\u00e0ria, \u00e9s titular de tots els drets de propietat intel\u00b7lectual i industrial del Lloc Web, aix\u00ed com dels elements continguts en aquest (a t\u00edtol enunciatiu i no exhaustiu, imatges, so, \u00e0udio, v\u00eddeo, programari o textos , marques o logotips, combinacions de colors, estructura i disseny, selecci\u00f3 de materials usats, programes dordinador necessaris per al seu funcionament, acc\u00e9s i \u00fas, etc.). Seran, per tant, obres protegides com a propietat intel\u00b7lectual per l&#8217;ordenament jur\u00eddic espanyol, i els seran aplicables tant la normativa espanyola i comunit\u00e0ria en aquest camp, com els tractats internacionals relatius a la mat\u00e8ria i subscrits per Espanya.<\/p>\n<p>Tots els drets reservats. En virtut del que disposa la Llei de propietat intel\u00b7lectual, queden expressament prohibides la reproducci\u00f3, la distribuci\u00f3 i la comunicaci\u00f3 p\u00fablica, inclosa la seva modalitat de posada a disposici\u00f3, de la totalitat o part dels continguts d&#8217;aquesta p\u00e0gina web, amb fins comercials, en qualsevol suport i per qualsevol mitj\u00e0 t\u00e8cnic, sense l&#8217;autoritzaci\u00f3 de <span class=\"blanc-space ng-binding\">Gremi de Forners de Barcelona<\/span> .<\/p>\n<p>L&#8217;Usuari es compromet a respectar els drets de propietat intel\u00b7lectual i industrial de <span class=\"blanc-space ng-binding\">Gremi de Forners de Barcelona<\/span> . Podreu visualitzar els elements del Lloc Web o fins i tot imprimir-los, copiar-los i emmagatzemar-los al disc dur del vostre ordinador o en qualsevol altre suport f\u00edsic sempre que sigui, exclusivament, per al seu \u00fas personal. L&#8217;Usuari, per\u00f2, no podr\u00e0 suprimir, alterar, o manipular qualsevol dispositiu de protecci\u00f3 o sistema de seguretat que estigu\u00e9s instal\u00b7lat al Lloc Web.<\/p>\n<p>En cas que l&#8217;Usuari o tercer consideri que qualsevol dels Continguts del Lloc Web suposi una violaci\u00f3 dels drets de protecci\u00f3 de la propietat intel\u00b7lectual, ho haur\u00e0 de comunicar immediatament a <span class=\"blanc-space ng-binding\">Gremi de Forners de Barcelona<\/span> a trav\u00e9s de les dades de contacte de l\u00b4apartat d\u00b4INFORMACI\u00d3 GENERAL d\u00b4aquest Av\u00eds Legal i Condicions Generals d\u00b4\u00das.<\/p>\n<h3>VI. ACCIONS LEGALS, LEGISLACI\u00d3 APLICABLE I JURISDICCI\u00d3<\/h3>\n<p><span class=\"blanc-space ng-binding\">Gremi de Forners de Barcelona<\/span> es reserva la facultat de presentar les accions civils o penals que consideri necess\u00e0ries per la utilitzaci\u00f3 indeguda del Lloc Web i Continguts, o per l&#8217;incompliment de les presents Condicions.<\/p>\n<p>La relaci\u00f3 entre l&#8217;Usuari i <span class=\"blanc-space ng-binding\">Gremi de Forners de Barcelona<\/span> es regir\u00e0 per la normativa vigent i aplicable al territori espanyol. Si sorgeix qualsevol controv\u00e8rsia en relaci\u00f3 amb la interpretaci\u00f3 i\/o l&#8217;aplicaci\u00f3 d&#8217;aquestes Condicions, les parts sotmetran els seus conflictes a la jurisdicci\u00f3 ordin\u00e0ria sotmetent-se als jutges i tribunals que corresponguin d&#8217;acord amb el dret.<\/p>\n<p>&nbsp;<\/p>\n<\/div>\n","protected":false},"excerpt":{"rendered":"<p>AV\u00cdS LEGAL I CONDICIONS GENERALS D&#8217;\u00daS https:\/\/www.wpt-yp0v.194-30-90-139.cpanel.site\/ I. INFORMACI\u00d3 GENERAL En compliment [&hellip;]<\/p>\n","protected":false},"author":1,"featured_media":0,"parent":0,"menu_order":999,"comment_status":"closed","ping_status":"closed","template":"","meta":{"_acf_changed":false,"_et_pb_use_builder":"on","_et_pb_old_content":"","_et_gb_content_width":"","footnotes":""},"class_list":["post-7710","page","type-page","status-publish","hentry"],"acf":[],"_links":{"self":[{"href":"https:\/\/www.wpt-yp0v.194-30-90-139.cpanel.site\/ca\/wp-json\/wp\/v2\/pages\/7710","targetHints":{"allow":["GET"]}}],"collection":[{"href":"https:\/\/www.wpt-yp0v.194-30-90-139.cpanel.site\/ca\/wp-json\/wp\/v2\/pages"}],"about":[{"href":"https:\/\/www.wpt-yp0v.194-30-90-139.cpanel.site\/ca\/wp-json\/wp\/v2\/types\/page"}],"author":[{"embeddable":true,"href":"https:\/\/www.wpt-yp0v.194-30-90-139.cpanel.site\/ca\/wp-json\/wp\/v2\/users\/1"}],"replies":[{"embeddable":true,"href":"https:\/\/www.wpt-yp0v.194-30-90-139.cpanel.site\/ca\/wp-json\/wp\/v2\/comments?post=7710"}],"version-history":[{"count":0,"href":"https:\/\/www.wpt-yp0v.194-30-90-139.cpanel.site\/ca\/wp-json\/wp\/v2\/pages\/7710\/revisions"}],"wp:attachment":[{"href":"https:\/\/www.wpt-yp0v.194-30-90-139.cpanel.site\/ca\/wp-json\/wp\/v2\/media?parent=7710"}],"curies":[{"name":"wp","href":"https:\/\/api.w.org\/{rel}","templated":true}]}}