{"id":11613,"date":"2024-03-27T17:58:34","date_gmt":"2024-03-27T16:58:34","guid":{"rendered":"https:\/\/www.gremipabcn.com\/formacions-online\/"},"modified":"2024-03-28T14:34:03","modified_gmt":"2024-03-28T13:34:03","slug":"formacions-online","status":"publish","type":"page","link":"https:\/\/www.wpt-yp0v.194-30-90-139.cpanel.site\/ca\/formacions-online\/","title":{"rendered":"Formacions Online"},"content":{"rendered":"<p>[et_pb_section fb_built=&#8221;1&#8243; fullwidth=&#8221;on&#8221; _builder_version=&#8221;4.24.2&#8243; _module_preset=&#8221;default&#8221; background_image=&#8221;https:\/\/www.wpt-yp0v.194-30-90-139.cpanel.site\/wp-content\/uploads\/2022\/06\/bg-cursos.jpg&#8221; hover_enabled=&#8221;0&#8243; locked=&#8221;off&#8221; global_colors_info=&#8221;{}&#8221; sticky_enabled=&#8221;0&#8243;][et_pb_fullwidth_post_title meta=&#8221;off&#8221; featured_placement=&#8221;background&#8221; text_color=&#8221;light&#8221; _builder_version=&#8221;4.24.2&#8243; _module_preset=&#8221;default&#8221; title_font=&#8221;|700||on|||||&#8221; title_text_align=&#8221;left&#8221; title_font_size=&#8221;40px&#8221; text_orientation=&#8221;center&#8221; custom_margin=&#8221;||0px||false|false&#8221; custom_padding=&#8221;206px||60px||false|false&#8221; hover_enabled=&#8221;0&#8243; global_colors_info=&#8221;{}&#8221; sticky_enabled=&#8221;0&#8243; title_text=&#8221;bg-cursos&#8221; background_image=&#8221;https:\/\/www.wpt-yp0v.194-30-90-139.cpanel.site\/wp-content\/uploads\/2022\/06\/bg-cursos.jpg&#8221;][\/et_pb_fullwidth_post_title][\/et_pb_section][et_pb_section fb_built=&#8221;1&#8243; _builder_version=&#8221;4.17.4&#8243; _module_preset=&#8221;default&#8221; background_color=&#8221;#f8f6f5&#8243; global_colors_info=&#8221;{}&#8221;][et_pb_row _builder_version=&#8221;4.17.4&#8243; _module_preset=&#8221;default&#8221; global_colors_info=&#8221;{}&#8221;][et_pb_column type=&#8221;4_4&#8243; _builder_version=&#8221;4.17.4&#8243; _module_preset=&#8221;default&#8221; global_colors_info=&#8221;{}&#8221;][et_pb_text _builder_version=&#8221;4.24.2&#8243; _module_preset=&#8221;default&#8221; text_font=&#8221;||||||||&#8221; text_text_color=&#8221;#000000&#8243; header_font=&#8221;Bebas Neue||||||||&#8221; header_text_align=&#8221;center&#8221; header_text_color=&#8221;#000000&#8243; header_font_size=&#8221;80px&#8221; header_3_font=&#8221;||||||||&#8221; text_orientation=&#8221;center&#8221; custom_margin=&#8221;0px||25px||false|false&#8221; custom_padding=&#8221;0px||0px||false|false&#8221; header_font_size_tablet=&#8221;80px&#8221; header_font_size_phone=&#8221;50px&#8221; header_font_size_last_edited=&#8221;on|phone&#8221; locked=&#8221;off&#8221; global_colors_info=&#8221;{}&#8221;]<spam style=\"font-size: 80px; font-family: 'Bebas Neue';\">FORMACIONS<\/spam>[\/et_pb_text][et_pb_text content_tablet=&#8221;<spam style=%22font-size: 22px; font-family: &apos;Poppins&apos;;%22>Al Gremi de Flequers de Barcelona, el nostre comprom\u00eds \u00e9s fomentar el creixement i passi\u00f3 per l&apos;art del forn.<br \/>\nOferim una varietat de cursos, tant presencials en les nostres instal\u00b7lacions equipades amb l&apos;\u00faltima tecnologia, com a en l\u00ednia, permetent l&apos;acc\u00e9s des de qualsevol lloc.<br \/>\nEls nostres programes estan dissenyats per a cobrir tots els nivells d&apos;experi\u00e8ncia, des d&apos;aficionats que fan els seus primers passos en el m\u00f3n del forn, fins a professionals que busquen perfeccionar les seves t\u00e8cniques i coneixements.<br \/>\nCada curs \u00e9s impartit per mestres forners amb \u00e0mplia experi\u00e8ncia, assegurant una formaci\u00f3 de qualitat que combina tradici\u00f3 i les \u00faltimes innovacions en el sector.<br \/>\nAcompanya&apos;ns per a transformar la teva passi\u00f3 pel forn en una habilitat mestra, explorant noves t\u00e8cniques, habilitats i coneixements.<br \/>\nDescobreix m\u00e9s sobre els nostres programes i com inscriure&apos;t visitant la nostra plataforma de formaci\u00f3.<\/spam>&#8221; content_phone=&#8221;<spam style=%22font-size: 18px; font-family: &apos;Poppins&apos;;%22>Consulta els nostres cursos o usa el filtre per a accedir directament a les teves \u00e0rees d&apos;inter\u00e8s.<\/spam>&#8221; content_last_edited=&#8221;on|phone&#8221; _builder_version=&#8221;4.24.2&#8243; _module_preset=&#8221;default&#8221; text_font=&#8221;||||||||&#8221; text_text_color=&#8221;#000000&#8243; header_font=&#8221;Bebas Neue||||||||&#8221; header_text_align=&#8221;center&#8221; header_text_color=&#8221;#000000&#8243; header_font_size=&#8221;80px&#8221; header_3_font=&#8221;||||||||&#8221; text_orientation=&#8221;center&#8221; custom_margin=&#8221;0px||25px||false|false&#8221; custom_padding=&#8221;0px||0px||false|false&#8221; hover_enabled=&#8221;0&#8243; header_font_size_tablet=&#8221;80px&#8221; header_font_size_phone=&#8221;50px&#8221; header_font_size_last_edited=&#8221;on|phone&#8221; locked=&#8221;off&#8221; global_colors_info=&#8221;{}&#8221; sticky_enabled=&#8221;0&#8243;]<spam style=\"font-size: 22px; font-family: 'Poppins';\">Consulta els nostres cursos o utilitza el filtre per a accedir directament a les teves \u00e0rees d&#8217;inter\u00e8s.<\/spam>[\/et_pb_text][et_pb_code _builder_version=&#8221;4.24.2&#8243; _module_preset=&#8221;default&#8221; global_colors_info=&#8221;{}&#8221;]<div class=\"contenedor_buscador buscador_formaciones\">\n\t\n\t\t<div class=\"bloque_campos\">\n\t\t\t<div class=\"linea_buscador\">\n\t\t\t\t<div class=\"columna_buscador\">\n\t\t\t\t\t<div class=\"header_col_buscador\">Formaci\u00f3<\/div>\n\t\t\t\t\t<input class=\"campo_ancho_completo\" type=\"text\" name=\"formacion\" value=\"\"\/>\n\t\t\t\t<\/div>\n\t\t\t\t<div class=\"columna_buscador\">\n\t\t\t\t\t<div class=\"header_col_buscador\">Data inici formaci\u00f3<\/div>\n\t\t\t\t\t<div class=\"col-fecha\"><label class=\"label_fechas\">De<\/label> <input type=\"text\" value=\"\" id=\"fecha_desde\" name=\"fecha_desde\" class=\"datepicker\" placeholder=\"00\/00\/0000\"\/><\/div>\n\t\t\t\t\t<div class=\"col-fecha\"><label class=\"label_fechas\">a<\/label> <input type=\"text\" value=\"\" id=\"fecha_hasta\" name=\"fecha_hasta\" class=\"datepicker\" placeholder=\"00\/00\/0000\"\/><\/div>\n\t\t\t\t<\/div>\n\t\t\t<\/div>\n\t\t\n\t\t\t<div class=\"linea_buscador\">\n\t\t\t\t<div class=\"columna_buscador\">\n\t\t\t\t\t<div class=\"header_col_buscador\">Categoria<\/div>\n\t\t\t\t\t<ul class=\"terminos_buscador terminos_categorias\"><li class=\"elem_check\"><label><input type=\"checkbox\" name=\"categorias[]\" value=\"116\"\/>Curs demostratiu<\/label><\/li><li class=\"elem_check\"><label><input type=\"checkbox\" name=\"categorias[]\" value=\"54\"\/>Cursos per aficionats<\/label><\/li><li class=\"elem_check\"><label><input type=\"checkbox\" name=\"categorias[]\" value=\"52\"\/>Cursos perfeccionament<\/label><\/li><li class=\"elem_check\"><label><input type=\"checkbox\" name=\"categorias[]\" value=\"72\"\/>Cursos profesionalizadores<\/label><\/li><li class=\"elem_check\"><label><input type=\"checkbox\" name=\"categorias[]\" value=\"71\"\/>Cursos professionalitzadors<\/label><\/li><li class=\"elem_check\"><label><input type=\"checkbox\" name=\"categorias[]\" value=\"53\"\/>Cursos professionals<\/label><\/li><li class=\"elem_check\"><label><input type=\"checkbox\" name=\"categorias[]\" value=\"50\"\/>Tallers<\/label><\/li><\/ul>\n\t\t\t\t<\/div>\n\t\t\t<\/div>\n\t\t\t\n\t\t\t<div class=\"linea_mensaje_buscador\"><\/div>\n\t\t<\/div><div class=\"linea_botones\"> \n            <div class=\"botones_buscador\">\n                <a href=\"#\" class=\"boton_buscar\">Cerca<\/a>\n\t\t\t\t<a href=\"\/ca\/formacions\/\" class=\"boton_limpiar\">Netejar<\/a>\n\t\t\t<\/div>\n        <\/div>\n    <\/div><div class=\"contenedor_items contenedor_formaciones\"><div class=\"item item_pos_1 item_vertical\">\n\t\n\t\t<div class=\"img_item\" style=\"background-image:url(https:\/\/www.wpt-yp0v.194-30-90-139.cpanel.site\/wp-content\/uploads\/2022\/06\/cursintensiui.jpg)\"><div class=\"etiquetas_formacion\"><div class=\"etiqueta_item\">Inscripcions obertes<\/div><\/div><\/div>\n\t\t\n\t\t<div class=\"info_item\">\n\t\t\t<div class=\"titulo_item\">\n\t\t\t\t<a href=\"https:\/\/www.wpt-yp0v.194-30-90-139.cpanel.site\/ca\/formacion\/manipulador-daliments-3\/\">MANIPULADOR D'ALIMENTS - ON LINE<\/a>\n\t\t\t\t<span class=\"subtitulo_item\"><\/span>\n\t\t\t<\/div>\n\t\t\t<div class=\"content_info\">\n\t\t\t\t<div class=\"meta_item\"><div class=\"dato_meta_item dato_fechas\">\n\t\t\t\t\t\t\t<div class=\"ico_meta\"><img decoding=\"async\" src=\"\/wp-content\/uploads\/2022\/06\/ico_fechas.png\"><\/div>\n\t\t\t\t\t\t\t<div class=\"dato_meta\">25\/01\/2024<\/div>\n\t\t\t\t\t\t<\/div><div class=\"dato_meta_item dato_duracion\">\n\t\t\t\t\t\t<div class=\"ico_meta\"><img decoding=\"async\" src=\"\/wp-content\/uploads\/2022\/06\/ico_horas.png\"><\/div>\n\t\t\t\t\t\t<div class=\"dato_meta\"><\/div>\n\t\t\t\t\t<\/div>\n\t\t\t\t\t<div class=\"dato_meta_item dato_horario\">\n\t\t\t\t\t\t<div class=\"ico_meta\"><img decoding=\"async\" src=\"\/wp-content\/uploads\/2022\/06\/ico_duracion.png\"><\/div>\n\t\t\t\t\t\t<div class=\"dato_meta\"><\/div>\n\t\t\t\t\t<\/div>\n\t\t\t\t\t<div class=\"dato_meta_item dato_idiomas\">\n\t\t\t\t\t\t<div class=\"ico_meta\"><img decoding=\"async\" src=\"\/wp-content\/uploads\/2022\/06\/ico_idiomas.png\"><\/div>\n\t\t\t\t\t\t<div class=\"dato_meta\">CAT | ESP<\/div>\n\t\t\t\t\t<\/div>\n\t\t\t\t<\/div>\n\t\t\t\t<a href=\"https:\/\/www.wpt-yp0v.194-30-90-139.cpanel.site\/ca\/formacion\/manipulador-daliments-3\/\" class=\"enlace_item\">Veure formaci\u00f3<\/a>\n\t\t\t<\/div>\n\t\t<\/div>\n\t\n\t<\/div><\/div>[\/et_pb_code][\/et_pb_column][\/et_pb_row][\/et_pb_section]<\/p>\n","protected":false},"excerpt":{"rendered":"<p>[et_pb_section fb_built=&#8221;1&#8243; fullwidth=&#8221;on&#8221; _builder_version=&#8221;4.24.2&#8243; _module_preset=&#8221;default&#8221; background_image=&#8221;https:\/\/www.wpt-yp0v.194-30-90-139.cpanel.site\/wp-content\/uploads\/2022\/06\/bg-cursos.jpg&#8221; hover_enabled=&#8221;0&#8243; locked=&#8221;off&#8221; global_colors_info=&#8221;{}&#8221; sticky_enabled=&#8221;0&#8243;][et_pb_fullwidth_post_title meta=&#8221;off&#8221; featured_placement=&#8221;background&#8221; [&hellip;]<\/p>\n","protected":false},"author":1,"featured_media":0,"parent":0,"menu_order":4,"comment_status":"closed","ping_status":"closed","template":"","meta":{"_acf_changed":false,"_et_pb_use_builder":"on","_et_pb_old_content":"","_et_gb_content_width":"","footnotes":""},"class_list":["post-11613","page","type-page","status-publish","hentry"],"acf":[],"_links":{"self":[{"href":"https:\/\/www.wpt-yp0v.194-30-90-139.cpanel.site\/ca\/wp-json\/wp\/v2\/pages\/11613","targetHints":{"allow":["GET"]}}],"collection":[{"href":"https:\/\/www.wpt-yp0v.194-30-90-139.cpanel.site\/ca\/wp-json\/wp\/v2\/pages"}],"about":[{"href":"https:\/\/www.wpt-yp0v.194-30-90-139.cpanel.site\/ca\/wp-json\/wp\/v2\/types\/page"}],"author":[{"embeddable":true,"href":"https:\/\/www.wpt-yp0v.194-30-90-139.cpanel.site\/ca\/wp-json\/wp\/v2\/users\/1"}],"replies":[{"embeddable":true,"href":"https:\/\/www.wpt-yp0v.194-30-90-139.cpanel.site\/ca\/wp-json\/wp\/v2\/comments?post=11613"}],"version-history":[{"count":0,"href":"https:\/\/www.wpt-yp0v.194-30-90-139.cpanel.site\/ca\/wp-json\/wp\/v2\/pages\/11613\/revisions"}],"wp:attachment":[{"href":"https:\/\/www.wpt-yp0v.194-30-90-139.cpanel.site\/ca\/wp-json\/wp\/v2\/media?parent=11613"}],"curies":[{"name":"wp","href":"https:\/\/api.w.org\/{rel}","templated":true}]}}